{"id":1221,"date":"2015-03-12T11:55:42","date_gmt":"2015-03-12T10:55:42","guid":{"rendered":"http:\/\/www.gasthaus-pflamminger.de\/?page_id=1221"},"modified":"2018-07-12T13:27:15","modified_gmt":"2018-07-12T11:27:15","slug":"getraenkeagentur","status":"publish","type":"page","link":"https:\/\/www.gasthaus-pflamminger.de\/?page_id=1221","title":{"rendered":"Getr\u00e4nkeagentur"},"content":{"rendered":"<p><strong>Ab sofort k\u00f6nnen wir auch Getr\u00e4nke f\u00fcr Sie f\u00fcr zu Hause anbieten:<\/strong><\/p>\n<p><strong>Auf Lager haben wir von Arcobr\u00e4u:<\/strong><\/p>\n<p><a href=\"https:\/\/i0.wp.com\/www.gasthaus-pflamminger.de\/wp-content\/uploads\/logo_farbe.jpg\"><img data-recalc-dims=\"1\" fetchpriority=\"high\" decoding=\"async\" class=\"alignnone size-medium wp-image-1222\" src=\"https:\/\/i0.wp.com\/www.gasthaus-pflamminger.de\/wp-content\/uploads\/logo_farbe-295x300.jpg?resize=295%2C300\" alt=\"logo_farbe\" width=\"295\" height=\"300\" srcset=\"https:\/\/i0.wp.com\/www.gasthaus-pflamminger.de\/wp-content\/uploads\/logo_farbe.jpg?resize=295%2C300&amp;ssl=1 295w, https:\/\/i0.wp.com\/www.gasthaus-pflamminger.de\/wp-content\/uploads\/logo_farbe.jpg?resize=147%2C150&amp;ssl=1 147w, https:\/\/i0.wp.com\/www.gasthaus-pflamminger.de\/wp-content\/uploads\/logo_farbe.jpg?w=506&amp;ssl=1 506w\" sizes=\"(max-width: 295px) 100vw, 295px\" \/><\/a><\/p>\n<p>Arcobr\u00e4u Urfass<br \/>\nArcobr\u00e4u Leichtes Weizen<br \/>\nArcobr\u00e4u Dunkles Weizen<br \/>\nArcobr\u00e4u Coronator<br \/>\nFips Weizen<\/p>\n","protected":false},"excerpt":{"rendered":"<p>Ab sofort k\u00f6nnen wir auch Getr\u00e4nke f\u00fcr Sie f\u00fcr zu Hause anbieten: Auf Lager haben wir von Arcobr\u00e4u: Arcobr\u00e4u Urfass Arcobr\u00e4u Leichtes Weizen Arcobr\u00e4u Dunkles Weizen Arcobr\u00e4u Coronator Fips Weizen<\/p>\n","protected":false},"author":1,"featured_media":0,"parent":0,"menu_order":0,"comment_status":"closed","ping_status":"closed","template":"","meta":{"jetpack_post_was_ever_published":false,"footnotes":""},"class_list":["post-1221","page","type-page","status-publish","hentry","column","onecol"],"jetpack_sharing_enabled":true,"jetpack_shortlink":"https:\/\/wp.me\/P4p1eG-jH","jetpack_likes_enabled":false,"_links":{"self":[{"href":"https:\/\/www.gasthaus-pflamminger.de\/index.php?rest_route=\/wp\/v2\/pages\/1221","targetHints":{"allow":["GET"]}}],"collection":[{"href":"https:\/\/www.gasthaus-pflamminger.de\/index.php?rest_route=\/wp\/v2\/pages"}],"about":[{"href":"https:\/\/www.gasthaus-pflamminger.de\/index.php?rest_route=\/wp\/v2\/types\/page"}],"author":[{"embeddable":true,"href":"https:\/\/www.gasthaus-pflamminger.de\/index.php?rest_route=\/wp\/v2\/users\/1"}],"replies":[{"embeddable":true,"href":"https:\/\/www.gasthaus-pflamminger.de\/index.php?rest_route=%2Fwp%2Fv2%2Fcomments&post=1221"}],"version-history":[{"count":1,"href":"https:\/\/www.gasthaus-pflamminger.de\/index.php?rest_route=\/wp\/v2\/pages\/1221\/revisions"}],"predecessor-version":[{"id":1223,"href":"https:\/\/www.gasthaus-pflamminger.de\/index.php?rest_route=\/wp\/v2\/pages\/1221\/revisions\/1223"}],"wp:attachment":[{"href":"https:\/\/www.gasthaus-pflamminger.de\/index.php?rest_route=%2Fwp%2Fv2%2Fmedia&parent=1221"}],"curies":[{"name":"wp","href":"https:\/\/api.w.org\/{rel}","templated":true}]}}