{"id":137,"date":"2014-02-14T15:39:53","date_gmt":"2014-02-14T14:39:53","guid":{"rendered":"http:\/\/test2.gasthaus-pflamminger.de\/?page_id=137"},"modified":"2018-07-12T13:44:41","modified_gmt":"2018-07-12T11:44:41","slug":"raeumlichkeiten","status":"publish","type":"page","link":"https:\/\/www.gasthaus-pflamminger.de\/?page_id=137","title":{"rendered":"R\u00e4umlichkeiten"},"content":{"rendered":"<h2 align=\"left\"><b>Gastzimmer<\/b><\/h2>\n<p align=\"left\">Unser Gastzimmer ist mit einem Wort zu bezeichnen: urgem\u00fctlich (35 Pl\u00e4tze). Durchgehend mit B\u00e4nken und netten Nischen ausgestattet, ist jeder Platz ein sch\u00f6ner Platz und f\u00fcr einen gem\u00fctlichen Plausch bei leckerem Essen und ausgesuchtem Wein gerade ideal.<\/p>\n<p style=\"text-align: center;\" align=\"left\"><a href=\"https:\/\/i0.wp.com\/www.test.gasthaus-pflamminger.de\/wp-content\/uploads\/Gastzimmer1.png\"><img data-recalc-dims=\"1\" fetchpriority=\"high\" decoding=\"async\" class=\"alignnone size-medium wp-image-309\" src=\"https:\/\/i0.wp.com\/www.test.gasthaus-pflamminger.de\/wp-content\/uploads\/Gastzimmer1-300x225.png?resize=300%2C225\" alt=\"Gastzimmer1\" width=\"300\" height=\"225\" srcset=\"https:\/\/i0.wp.com\/www.gasthaus-pflamminger.de\/wp-content\/uploads\/Gastzimmer1.png?resize=300%2C225&amp;ssl=1 300w, https:\/\/i0.wp.com\/www.gasthaus-pflamminger.de\/wp-content\/uploads\/Gastzimmer1.png?resize=150%2C112&amp;ssl=1 150w, https:\/\/i0.wp.com\/www.gasthaus-pflamminger.de\/wp-content\/uploads\/Gastzimmer1.png?w=400&amp;ssl=1 400w\" sizes=\"(max-width: 300px) 100vw, 300px\" \/><\/a><a href=\"https:\/\/i0.wp.com\/www.test.gasthaus-pflamminger.de\/wp-content\/uploads\/Gasthaus2.png\"><img data-recalc-dims=\"1\" decoding=\"async\" class=\"alignnone size-medium wp-image-306\" src=\"https:\/\/i0.wp.com\/www.test.gasthaus-pflamminger.de\/wp-content\/uploads\/Gasthaus2-300x225.png?resize=300%2C225\" alt=\"Gasthaus2\" width=\"300\" height=\"225\" srcset=\"https:\/\/i0.wp.com\/www.gasthaus-pflamminger.de\/wp-content\/uploads\/Gasthaus2.png?resize=300%2C225&amp;ssl=1 300w, https:\/\/i0.wp.com\/www.gasthaus-pflamminger.de\/wp-content\/uploads\/Gasthaus2.png?w=400&amp;ssl=1 400w\" sizes=\"(max-width: 300px) 100vw, 300px\" \/><\/a><\/p>\n<h2 align=\"left\"><b>Sch\u00fctzenzimmer<\/b><\/h2>\n<p align=\"left\">Ein wundersch\u00f6nes Zimmer, gut geeignet f\u00fcr kleine Veranstaltungen bis 25 Personen, z.B. Familienfeier, Hochzeit, Seminar.<\/p>\n<p style=\"text-align: center;\" align=\"left\"><a href=\"https:\/\/i0.wp.com\/www.test.gasthaus-pflamminger.de\/wp-content\/uploads\/Sch%C3%BCtzen1.png\"><img data-recalc-dims=\"1\" decoding=\"async\" class=\"alignnone size-medium wp-image-311\" src=\"https:\/\/i0.wp.com\/www.test.gasthaus-pflamminger.de\/wp-content\/uploads\/Sch%C3%BCtzen1-300x225.png?resize=300%2C225\" alt=\"Sch\u00fctzen1\" width=\"300\" height=\"225\" srcset=\"https:\/\/i0.wp.com\/www.gasthaus-pflamminger.de\/wp-content\/uploads\/Sch%C3%BCtzen1.png?resize=300%2C225&amp;ssl=1 300w, https:\/\/i0.wp.com\/www.gasthaus-pflamminger.de\/wp-content\/uploads\/Sch%C3%BCtzen1.png?resize=150%2C112&amp;ssl=1 150w, https:\/\/i0.wp.com\/www.gasthaus-pflamminger.de\/wp-content\/uploads\/Sch%C3%BCtzen1.png?w=400&amp;ssl=1 400w\" sizes=\"(max-width: 300px) 100vw, 300px\" \/><\/a><a href=\"https:\/\/i0.wp.com\/www.test.gasthaus-pflamminger.de\/wp-content\/uploads\/Sch%C3%BCtzen2.png\"><img data-recalc-dims=\"1\" loading=\"lazy\" decoding=\"async\" class=\"alignnone size-medium wp-image-312\" src=\"https:\/\/i0.wp.com\/www.test.gasthaus-pflamminger.de\/wp-content\/uploads\/Sch%C3%BCtzen2-300x225.png?resize=300%2C225\" alt=\"Sch\u00fctzen2\" width=\"300\" height=\"225\" srcset=\"https:\/\/i0.wp.com\/www.gasthaus-pflamminger.de\/wp-content\/uploads\/Sch%C3%BCtzen2.png?resize=300%2C225&amp;ssl=1 300w, https:\/\/i0.wp.com\/www.gasthaus-pflamminger.de\/wp-content\/uploads\/Sch%C3%BCtzen2.png?resize=150%2C112&amp;ssl=1 150w, https:\/\/i0.wp.com\/www.gasthaus-pflamminger.de\/wp-content\/uploads\/Sch%C3%BCtzen2.png?w=400&amp;ssl=1 400w\" sizes=\"(max-width: 300px) 100vw, 300px\" \/><\/a><\/p>\n<h2 align=\"left\"><b>Wintergarten \/ Saal-Terrasse<\/b><\/h2>\n<p align=\"left\">Einer unserer sch\u00f6nsten R\u00e4ume, luftig und hell mit gro\u00dfen Fenstern f\u00fcr Veranstaltungen bis 45 Personen.<\/p>\n<p style=\"text-align: center;\" align=\"left\"><a href=\"https:\/\/i0.wp.com\/www.test.gasthaus-pflamminger.de\/wp-content\/uploads\/Terrasse2.png\"><img data-recalc-dims=\"1\" loading=\"lazy\" decoding=\"async\" class=\"alignnone wp-image-316\" src=\"https:\/\/i0.wp.com\/www.test.gasthaus-pflamminger.de\/wp-content\/uploads\/Terrasse2-300x225.png?resize=309%2C235\" alt=\"Terrasse2\" width=\"309\" height=\"235\" \/><\/a><a href=\"https:\/\/i0.wp.com\/www.test.gasthaus-pflamminger.de\/wp-content\/uploads\/Terrasse1.png\"><img data-recalc-dims=\"1\" loading=\"lazy\" decoding=\"async\" class=\"alignnone wp-image-315\" src=\"https:\/\/i0.wp.com\/www.test.gasthaus-pflamminger.de\/wp-content\/uploads\/Terrasse1-300x223.png?resize=312%2C235\" alt=\"Terrasse1\" width=\"312\" height=\"235\" \/><\/a><\/p>\n<h2 align=\"left\"><b>Saal<\/b><\/h2>\n<p>Ein gro\u00dfer Saal mit viel Licht f\u00fcr Veranstaltungen bis 200 Personen. Besonders geeignet f\u00fcr Musikveranstaltungen, tanzw\u00fctige Hochzeiten, Busse und gro\u00dfe Tagungen.<\/p>\n<p style=\"text-align: center;\"><a href=\"https:\/\/i0.wp.com\/www.test.gasthaus-pflamminger.de\/wp-content\/uploads\/Saal1.png\"><img data-recalc-dims=\"1\" loading=\"lazy\" decoding=\"async\" class=\"alignnone size-medium wp-image-318\" src=\"https:\/\/i0.wp.com\/www.test.gasthaus-pflamminger.de\/wp-content\/uploads\/Saal1-300x225.png?resize=300%2C225\" alt=\"Saal1\" width=\"300\" height=\"225\" srcset=\"https:\/\/i0.wp.com\/www.gasthaus-pflamminger.de\/wp-content\/uploads\/Saal1.png?resize=300%2C225&amp;ssl=1 300w, https:\/\/i0.wp.com\/www.gasthaus-pflamminger.de\/wp-content\/uploads\/Saal1.png?resize=150%2C112&amp;ssl=1 150w, https:\/\/i0.wp.com\/www.gasthaus-pflamminger.de\/wp-content\/uploads\/Saal1.png?w=500&amp;ssl=1 500w\" sizes=\"(max-width: 300px) 100vw, 300px\" \/><\/a><a href=\"https:\/\/i0.wp.com\/www.test.gasthaus-pflamminger.de\/wp-content\/uploads\/Saal3a.png\"><img data-recalc-dims=\"1\" loading=\"lazy\" decoding=\"async\" class=\"alignnone size-medium wp-image-325\" src=\"https:\/\/i0.wp.com\/www.test.gasthaus-pflamminger.de\/wp-content\/uploads\/Saal3a-300x225.png?resize=300%2C225\" alt=\"Saal3a\" width=\"300\" height=\"225\" srcset=\"https:\/\/i0.wp.com\/www.gasthaus-pflamminger.de\/wp-content\/uploads\/Saal3a.png?resize=300%2C225&amp;ssl=1 300w, https:\/\/i0.wp.com\/www.gasthaus-pflamminger.de\/wp-content\/uploads\/Saal3a.png?resize=150%2C112&amp;ssl=1 150w, https:\/\/i0.wp.com\/www.gasthaus-pflamminger.de\/wp-content\/uploads\/Saal3a.png?resize=700%2C525&amp;ssl=1 700w, https:\/\/i0.wp.com\/www.gasthaus-pflamminger.de\/wp-content\/uploads\/Saal3a.png?w=1000&amp;ssl=1 1000w\" sizes=\"(max-width: 300px) 100vw, 300px\" \/><\/a><\/p>\n<p style=\"text-align: center;\"><strong>Zur<\/strong><\/p>\n<p style=\"text-align: center;\"><span class='mb-center maxbutton-1-center'><span class='maxbutton-1-container mb-container'><a class=\"maxbutton-1 maxbutton maxbutton-tischreservierung\" href=\"http:\/\/www.test.gasthaus-pflamminger.de\/?page_id=156\"><span class='mb-text'>Tischreservierung<\/span><\/a><\/span><\/span><\/p>\n","protected":false},"excerpt":{"rendered":"<p>Gastzimmer Unser Gastzimmer ist mit einem Wort zu bezeichnen: urgem\u00fctlich (35 Pl\u00e4tze). Durchgehend mit B\u00e4nken und netten Nischen ausgestattet, ist jeder Platz ein sch\u00f6ner Platz und f\u00fcr einen gem\u00fctlichen Plausch bei leckerem Essen und ausgesuchtem Wein gerade ideal. Sch\u00fctzenzimmer Ein wundersch\u00f6nes Zimmer, gut geeignet f\u00fcr kleine Veranstaltungen bis 25 Personen, &#8230;<\/p>\n","protected":false},"author":1,"featured_media":0,"parent":0,"menu_order":0,"comment_status":"closed","ping_status":"closed","template":"","meta":{"jetpack_post_was_ever_published":false,"footnotes":""},"class_list":["post-137","page","type-page","status-publish","hentry","column","onecol"],"jetpack_sharing_enabled":true,"jetpack_shortlink":"https:\/\/wp.me\/P4p1eG-2d","jetpack_likes_enabled":false,"_links":{"self":[{"href":"https:\/\/www.gasthaus-pflamminger.de\/index.php?rest_route=\/wp\/v2\/pages\/137","targetHints":{"allow":["GET"]}}],"collection":[{"href":"https:\/\/www.gasthaus-pflamminger.de\/index.php?rest_route=\/wp\/v2\/pages"}],"about":[{"href":"https:\/\/www.gasthaus-pflamminger.de\/index.php?rest_route=\/wp\/v2\/types\/page"}],"author":[{"embeddable":true,"href":"https:\/\/www.gasthaus-pflamminger.de\/index.php?rest_route=\/wp\/v2\/users\/1"}],"replies":[{"embeddable":true,"href":"https:\/\/www.gasthaus-pflamminger.de\/index.php?rest_route=%2Fwp%2Fv2%2Fcomments&post=137"}],"version-history":[{"count":17,"href":"https:\/\/www.gasthaus-pflamminger.de\/index.php?rest_route=\/wp\/v2\/pages\/137\/revisions"}],"predecessor-version":[{"id":2356,"href":"https:\/\/www.gasthaus-pflamminger.de\/index.php?rest_route=\/wp\/v2\/pages\/137\/revisions\/2356"}],"wp:attachment":[{"href":"https:\/\/www.gasthaus-pflamminger.de\/index.php?rest_route=%2Fwp%2Fv2%2Fmedia&parent=137"}],"curies":[{"name":"wp","href":"https:\/\/api.w.org\/{rel}","templated":true}]}}