{"id":7,"date":"2014-02-12T14:54:48","date_gmt":"2014-02-12T14:54:48","guid":{"rendered":"http:\/\/test2.gasthaus-pflamminger.de\/?page_id=2"},"modified":"2025-04-10T17:08:47","modified_gmt":"2025-04-10T15:08:47","slug":"home","status":"publish","type":"page","link":"https:\/\/www.gasthaus-pflamminger.de\/","title":{"rendered":"Home"},"content":{"rendered":"<h3><strong>HERZLICH WILLKOMMEN AUF UNSERER HOMEPAGE!<\/strong><\/h3>\n<p>Es freut uns sehr, dass Sie uns im Internet besuchen.<\/p>\n<p>Mit unserer Homepage m\u00f6chten wir Sie neugierig auf unser Gasthaus, die sch\u00f6ne Gegend und die vielen Ausflugsm\u00f6glichkeiten machen.<\/p>\n<p>Wir sind ein freundliches Gasthaus mit G\u00e4stezimmer und bieten Ihnen alles, was Sie als Reisende und G\u00e4ste brauchen, um sich bei uns wohl zu f\u00fchlen.<\/p>\n<p>Wir tun alles, um den Aufenthalt unserer G\u00e4ste so angenehm wie m\u00f6glich zu machen.<\/p>\n<p>Gerne nehmen wir Ihre Anfrage oder Reservierung telefonisch unter Tel: 09482 \/ 1770 oder \u00fcber unser Kontaktformular entgegen. Bitte beachten Sie auch unsere News und Termine.<\/p>\n<p>Viel Spa\u00df beim st\u00f6bern w\u00fcnscht<\/p>\n<p><strong>Familie Pflamminger mit Team<\/strong><\/p>\n","protected":false},"excerpt":{"rendered":"<p>HERZLICH WILLKOMMEN AUF UNSERER HOMEPAGE! Es freut uns sehr, dass Sie uns im Internet besuchen. Mit unserer Homepage m\u00f6chten wir Sie neugierig auf unser Gasthaus, die sch\u00f6ne Gegend und die vielen Ausflugsm\u00f6glichkeiten machen. Wir sind ein freundliches Gasthaus mit G\u00e4stezimmer und bieten Ihnen alles, was Sie als Reisende und G\u00e4ste &#8230;<\/p>\n","protected":false},"author":1,"featured_media":0,"parent":0,"menu_order":0,"comment_status":"closed","ping_status":"closed","template":"","meta":{"jetpack_post_was_ever_published":false,"footnotes":""},"class_list":["post-7","page","type-page","status-publish","hentry","column","onecol"],"jetpack_sharing_enabled":true,"jetpack_shortlink":"https:\/\/wp.me\/P4p1eG-7","jetpack_likes_enabled":false,"_links":{"self":[{"href":"https:\/\/www.gasthaus-pflamminger.de\/index.php?rest_route=\/wp\/v2\/pages\/7","targetHints":{"allow":["GET"]}}],"collection":[{"href":"https:\/\/www.gasthaus-pflamminger.de\/index.php?rest_route=\/wp\/v2\/pages"}],"about":[{"href":"https:\/\/www.gasthaus-pflamminger.de\/index.php?rest_route=\/wp\/v2\/types\/page"}],"author":[{"embeddable":true,"href":"https:\/\/www.gasthaus-pflamminger.de\/index.php?rest_route=\/wp\/v2\/users\/1"}],"replies":[{"embeddable":true,"href":"https:\/\/www.gasthaus-pflamminger.de\/index.php?rest_route=%2Fwp%2Fv2%2Fcomments&post=7"}],"version-history":[{"count":20,"href":"https:\/\/www.gasthaus-pflamminger.de\/index.php?rest_route=\/wp\/v2\/pages\/7\/revisions"}],"predecessor-version":[{"id":91004,"href":"https:\/\/www.gasthaus-pflamminger.de\/index.php?rest_route=\/wp\/v2\/pages\/7\/revisions\/91004"}],"wp:attachment":[{"href":"https:\/\/www.gasthaus-pflamminger.de\/index.php?rest_route=%2Fwp%2Fv2%2Fmedia&parent=7"}],"curies":[{"name":"wp","href":"https:\/\/api.w.org\/{rel}","templated":true}]}}